{"id":4997,"date":"2020-01-17T10:51:12","date_gmt":"2020-01-17T13:51:12","guid":{"rendered":"https:\/\/www.im2.com.br\/vinhosmuraro\/produto\/import-placeholder-for-462\/"},"modified":"2020-01-17T12:51:53","modified_gmt":"2020-01-17T15:51:53","slug":"vinho-fino-branco-seco-chardonnay","status":"publish","type":"product","link":"https:\/\/www.im2.com.br\/vinhosmuraro\/produto\/vinhos-finos\/vinho-fino-branco-seco-chardonnay\/","title":{"rendered":"Vinho Fino Branco Seco Chardonnay"},"content":{"rendered":"<p>O Vinho Branco Casa Muraro Chardonnay \u00e9 excepcionalmente elegante. Em ta\u00e7a apresenta-se com um cl\u00e1ssico, com aromas de frutas tropicais. Leve passagem por barrica.<\/p>\n<h3>Harmoniza\u00e7\u00e3o<\/h3>\n<p>O vinho Branco Casa Muraro Chardonnay \u00e9 \u00f3timo para acompanhar peixes e carnes magras. Uma salada de legumes cai super bem.<\/p>\n<h3>Temperatura ideal<\/h3>\n<p>Entre 6 e 10 graus<\/p>\n","protected":false},"excerpt":{"rendered":"<p>Possui aroma de frutas tropicais, cl\u00e1ssico elegante. Vinho branco seco para acompanhar peixes, saladas, legumes e carnes leves.<\/p>\n","protected":false},"featured_media":5014,"comment_status":"open","ping_status":"closed","template":"","meta":{"_seopress_robots_primary_cat":"none","_seopress_titles_title":"","_seopress_titles_desc":"","_seopress_robots_index":""},"product_cat":[108],"product_tag":[114,115,116,117,118,119],"_links":{"self":[{"href":"https:\/\/www.im2.com.br\/vinhosmuraro\/wp-json\/wp\/v2\/product\/4997"}],"collection":[{"href":"https:\/\/www.im2.com.br\/vinhosmuraro\/wp-json\/wp\/v2\/product"}],"about":[{"href":"https:\/\/www.im2.com.br\/vinhosmuraro\/wp-json\/wp\/v2\/types\/product"}],"replies":[{"embeddable":true,"href":"https:\/\/www.im2.com.br\/vinhosmuraro\/wp-json\/wp\/v2\/comments?post=4997"}],"wp:featuredmedia":[{"embeddable":true,"href":"https:\/\/www.im2.com.br\/vinhosmuraro\/wp-json\/wp\/v2\/media\/5014"}],"wp:attachment":[{"href":"https:\/\/www.im2.com.br\/vinhosmuraro\/wp-json\/wp\/v2\/media?parent=4997"}],"wp:term":[{"taxonomy":"product_cat","embeddable":true,"href":"https:\/\/www.im2.com.br\/vinhosmuraro\/wp-json\/wp\/v2\/product_cat?post=4997"},{"taxonomy":"product_tag","embeddable":true,"href":"https:\/\/www.im2.com.br\/vinhosmuraro\/wp-json\/wp\/v2\/product_tag?post=4997"}],"curies":[{"name":"wp","href":"https:\/\/api.w.org\/{rel}","templated":true}]}}