{"id":4998,"date":"2020-01-13T10:51:13","date_gmt":"2020-01-13T13:51:13","guid":{"rendered":"https:\/\/www.im2.com.br\/vinhosmuraro\/produto\/import-placeholder-for-469\/"},"modified":"2020-01-17T12:54:03","modified_gmt":"2020-01-17T15:54:03","slug":"vinho-gufo-branco-fino-moscato-giallo","status":"publish","type":"product","link":"https:\/\/www.im2.com.br\/vinhosmuraro\/produto\/vinhos-finos\/vinho-gufo-branco-fino-moscato-giallo\/","title":{"rendered":"Vinho Gufo Branco Fino Moscato Giallo"},"content":{"rendered":"<p>O Vinho Muraro Gufo Moscato\u00a0 \u00e9 um vinho pr\u00f3prio para quem curte um vinho no seu dia a dia. \u00c9 um vinho leve, amarelo claro com re\ufb02exos esverdeados, l\u00edmpido e brilhante. Seu aroma encanta, com notas que lembram ma\u00e7\u00e3 verde, maracuj\u00e1, banana e p\u00eassego. Na boca tem uma estrutura delicada e harmoniosa, com acidez equilibrada.<\/p>\n<h3>Harmoniza\u00e7\u00e3o<\/h3>\n<p>O vinho Muraro Gufo moscato Giallo \u00e9 bastante leve e arom\u00e1tico. Por isso, \u00e9 \u00f3timo para acompanhar pratos mais leves, com tempero mas suave. Acompanha super bem uma saladinha e petiscos. Tamb\u00e9m com torradinhas com pasta de ervas, faz muito sucesso no Happy Hour \u00e0 beira da piscina. Harmoniza tamb\u00e9m com pratos quentes leves e risotos de frutos do mar.<\/p>\n<h3>Temperatura ideal<\/h3>\n<p>Entre 4 e 6 graus<\/p>\n","protected":false},"excerpt":{"rendered":"<p>Acompanha bem com pratos leves. Fresca e sofisticada, a uva Moscato Giallo resulta em um vinho amarelo claro com reflexos esverdeados, l\u00edmpido e brilhante. Seu aroma encanta, com notas que lembram ma\u00e7\u00e3 verde, maracuj\u00e1, banana e p\u00eassego. Na boca tem uma estrutura delicada e harmoniosa, com acidez equilibrada.<\/p>\n","protected":false},"featured_media":5016,"comment_status":"open","ping_status":"closed","template":"","meta":{"_seopress_robots_primary_cat":"none","_seopress_titles_title":"","_seopress_titles_desc":"","_seopress_robots_index":""},"product_cat":[108,120],"product_tag":[121,122,123,124,125,126],"_links":{"self":[{"href":"https:\/\/www.im2.com.br\/vinhosmuraro\/wp-json\/wp\/v2\/product\/4998"}],"collection":[{"href":"https:\/\/www.im2.com.br\/vinhosmuraro\/wp-json\/wp\/v2\/product"}],"about":[{"href":"https:\/\/www.im2.com.br\/vinhosmuraro\/wp-json\/wp\/v2\/types\/product"}],"replies":[{"embeddable":true,"href":"https:\/\/www.im2.com.br\/vinhosmuraro\/wp-json\/wp\/v2\/comments?post=4998"}],"wp:featuredmedia":[{"embeddable":true,"href":"https:\/\/www.im2.com.br\/vinhosmuraro\/wp-json\/wp\/v2\/media\/5016"}],"wp:attachment":[{"href":"https:\/\/www.im2.com.br\/vinhosmuraro\/wp-json\/wp\/v2\/media?parent=4998"}],"wp:term":[{"taxonomy":"product_cat","embeddable":true,"href":"https:\/\/www.im2.com.br\/vinhosmuraro\/wp-json\/wp\/v2\/product_cat?post=4998"},{"taxonomy":"product_tag","embeddable":true,"href":"https:\/\/www.im2.com.br\/vinhosmuraro\/wp-json\/wp\/v2\/product_tag?post=4998"}],"curies":[{"name":"wp","href":"https:\/\/api.w.org\/{rel}","templated":true}]}}