{"id":4999,"date":"2020-01-15T10:51:13","date_gmt":"2020-01-15T13:51:13","guid":{"rendered":"https:\/\/www.im2.com.br\/vinhosmuraro\/produto\/import-placeholder-for-472\/"},"modified":"2020-01-17T12:53:24","modified_gmt":"2020-01-17T15:53:24","slug":"vinho-muraro-gufo-cabernet-sauvignon","status":"publish","type":"product","link":"https:\/\/www.im2.com.br\/vinhosmuraro\/produto\/vinhos-finos\/vinho-muraro-gufo-cabernet-sauvignon\/","title":{"rendered":"Vinho Muraro Gufo Cabernet Sauvignon"},"content":{"rendered":"<p>O Vinho Muraro Gufo\u00a0Cabernet \u00e9 um vinho pr\u00f3prio para quem curte um vinho no seu dia a dia. \u00c9 um vinho leve, possui uma cor vermelho escuro, com aromas frutados e herbais. Em boca tem textura macia com taninos redondos, \u00e9 equilibrado e persistente.<\/p>\n<h3>Harmoniza\u00e7\u00e3o<\/h3>\n<p>O vinho Muraro Gufo Cabernet \u00e9 um vinho mais estruturado, por isso acompanha bem com castanhas, frutas secas, queijos fortes, como parmes\u00e3o e provolone, carnes vermelhas, massas com molhos condimentados.<\/p>\n<h3>Temperatura ideal<\/h3>\n<p>Deve ser servido a uma temperatura em torno de 14\u00baC e 16\u00b0C.<\/p>\n","protected":false},"excerpt":{"rendered":"<p>Elaborado a partir da cultivar Cabernet Sauvignon, a uva mais conhecida e lembrada em todo o mundo, este vinho possui uma cor vermelho escura, com aromas frutados e herbais. Em boca tem textura macia, com taninos redondos, \u00e9 equilibrado e persistente.<\/p>\n","protected":false},"featured_media":5019,"comment_status":"open","ping_status":"closed","template":"","meta":{"_seopress_robots_primary_cat":"none","_seopress_titles_title":"","_seopress_titles_desc":"","_seopress_robots_index":""},"product_cat":[108,120],"product_tag":[127,128,129,130],"_links":{"self":[{"href":"https:\/\/www.im2.com.br\/vinhosmuraro\/wp-json\/wp\/v2\/product\/4999"}],"collection":[{"href":"https:\/\/www.im2.com.br\/vinhosmuraro\/wp-json\/wp\/v2\/product"}],"about":[{"href":"https:\/\/www.im2.com.br\/vinhosmuraro\/wp-json\/wp\/v2\/types\/product"}],"replies":[{"embeddable":true,"href":"https:\/\/www.im2.com.br\/vinhosmuraro\/wp-json\/wp\/v2\/comments?post=4999"}],"wp:featuredmedia":[{"embeddable":true,"href":"https:\/\/www.im2.com.br\/vinhosmuraro\/wp-json\/wp\/v2\/media\/5019"}],"wp:attachment":[{"href":"https:\/\/www.im2.com.br\/vinhosmuraro\/wp-json\/wp\/v2\/media?parent=4999"}],"wp:term":[{"taxonomy":"product_cat","embeddable":true,"href":"https:\/\/www.im2.com.br\/vinhosmuraro\/wp-json\/wp\/v2\/product_cat?post=4999"},{"taxonomy":"product_tag","embeddable":true,"href":"https:\/\/www.im2.com.br\/vinhosmuraro\/wp-json\/wp\/v2\/product_tag?post=4999"}],"curies":[{"name":"wp","href":"https:\/\/api.w.org\/{rel}","templated":true}]}}