{"id":5000,"date":"2020-01-14T10:51:13","date_gmt":"2020-01-14T13:51:13","guid":{"rendered":"https:\/\/www.im2.com.br\/vinhosmuraro\/produto\/import-placeholder-for-487\/"},"modified":"2020-01-17T12:53:39","modified_gmt":"2020-01-17T15:53:39","slug":"vinho-tinto-fino-seco-merlot-gufo","status":"publish","type":"product","link":"https:\/\/www.im2.com.br\/vinhosmuraro\/produto\/vinhos-finos\/vinho-tinto-fino-seco-merlot-gufo\/","title":{"rendered":"Vinho Tinto Fino Seco Merlot Gufo"},"content":{"rendered":"<p>A uva Merlot originou este vinho, de cor vermelho escura brilhante, com aromas frutados. Em boca \u00e9 macio, com taninos sedosos, estrutura m\u00e9dia.<\/p>\n<h3>Harmoniza\u00e7\u00e3o<\/h3>\n<p>Acompanha bem risoto de cogumelos, vegetais assados, massas com molhos leves, frango, queijos macios.<\/p>\n<h3>Temperatura ideal<\/h3>\n<p>A temperatura ideal de servi\u00e7o \u00e9 de 12 a 14\u00b0C.<\/p>\n","protected":false},"excerpt":{"rendered":"<p>O Vinho Muraro Gufo Merlot \u00e9 um vinho pr\u00f3prio para quem curte um vinho no seu dia a dia. \u00c9 um vinho leve,\u00a0de cor vermelho escura brilhante, com aromas frutados. Em boca \u00e9 macio, com taninos sedosos, estrutura m\u00e9dia. O vinho Muraro Gufo Merlot \u00e9 um vinho leve. Por isso, \u00e9 muito adequado para pratos com molhos leves, carnes brancas e pratos do dia a dia.<\/p>\n","protected":false},"featured_media":5022,"comment_status":"open","ping_status":"closed","template":"","meta":{"_seopress_robots_primary_cat":"none","_seopress_titles_title":"","_seopress_titles_desc":"","_seopress_robots_index":""},"product_cat":[108,120],"product_tag":[131,132,128,130,133,134],"_links":{"self":[{"href":"https:\/\/www.im2.com.br\/vinhosmuraro\/wp-json\/wp\/v2\/product\/5000"}],"collection":[{"href":"https:\/\/www.im2.com.br\/vinhosmuraro\/wp-json\/wp\/v2\/product"}],"about":[{"href":"https:\/\/www.im2.com.br\/vinhosmuraro\/wp-json\/wp\/v2\/types\/product"}],"replies":[{"embeddable":true,"href":"https:\/\/www.im2.com.br\/vinhosmuraro\/wp-json\/wp\/v2\/comments?post=5000"}],"wp:featuredmedia":[{"embeddable":true,"href":"https:\/\/www.im2.com.br\/vinhosmuraro\/wp-json\/wp\/v2\/media\/5022"}],"wp:attachment":[{"href":"https:\/\/www.im2.com.br\/vinhosmuraro\/wp-json\/wp\/v2\/media?parent=5000"}],"wp:term":[{"taxonomy":"product_cat","embeddable":true,"href":"https:\/\/www.im2.com.br\/vinhosmuraro\/wp-json\/wp\/v2\/product_cat?post=5000"},{"taxonomy":"product_tag","embeddable":true,"href":"https:\/\/www.im2.com.br\/vinhosmuraro\/wp-json\/wp\/v2\/product_tag?post=5000"}],"curies":[{"name":"wp","href":"https:\/\/api.w.org\/{rel}","templated":true}]}}