{"id":5006,"date":"2020-01-11T10:51:14","date_gmt":"2020-01-11T13:51:14","guid":{"rendered":"https:\/\/www.im2.com.br\/vinhosmuraro\/produto\/import-placeholder-for-521\/"},"modified":"2020-01-14T11:38:58","modified_gmt":"2020-01-14T14:38:58","slug":"suco-de-uva-tinto-integral","status":"publish","type":"product","link":"https:\/\/www.im2.com.br\/vinhosmuraro\/produto\/suco-uva-integral\/suco-de-uva-tinto-integral\/","title":{"rendered":"Suco de Uva Tinto Integral"},"content":{"rendered":"<p>Suco integral de uva, elaborado com cultivares tintas, em um corte equilibrado em que predominam a uva Bord\u00f4 e a Isabel, ricas em polifen\u00f3is que cuidam da sua sa\u00fade. O consumo regular de suco de uva protege das doen\u00e7as cardiovasculares, al\u00e9m de complementar a alimenta\u00e7\u00e3o com muito sabor.<\/p>\n<h3>Harmoniza\u00e7\u00e3o<\/h3>\n<p>Excelente para complementar o caf\u00e9 da manh\u00e3 e para colocar na lancheira das crian\u00e7as. Acrescenta sabor e sa\u00fade ao seu brunch e almo\u00e7os em fam\u00edlia. Puro suco de uvas tintas, <strong>sem a\u00e7\u00facar e sem conservantes<\/strong>. Ap\u00f3s aberto conservar sob refrigera\u00e7\u00e3o.<\/p>\n<h3>Temperatura ideal<\/h3>\n<p>Entre 4 e 6 graus.<\/p>\n","protected":false},"excerpt":{"rendered":"<p>Suco de uva tinto integral com bastante aroma e refresc\u00e2ncia. Sem adi\u00e7\u00e3o de a\u00e7\u00facar ou \u00e1gua. \u00c9 100% uva.<\/p>\n","protected":false},"featured_media":5035,"comment_status":"open","ping_status":"closed","template":"","meta":{"_seopress_robots_primary_cat":"none","_seopress_titles_title":"","_seopress_titles_desc":"","_seopress_robots_index":""},"product_cat":[150],"product_tag":[151,152,153,154,155],"_links":{"self":[{"href":"https:\/\/www.im2.com.br\/vinhosmuraro\/wp-json\/wp\/v2\/product\/5006"}],"collection":[{"href":"https:\/\/www.im2.com.br\/vinhosmuraro\/wp-json\/wp\/v2\/product"}],"about":[{"href":"https:\/\/www.im2.com.br\/vinhosmuraro\/wp-json\/wp\/v2\/types\/product"}],"replies":[{"embeddable":true,"href":"https:\/\/www.im2.com.br\/vinhosmuraro\/wp-json\/wp\/v2\/comments?post=5006"}],"wp:featuredmedia":[{"embeddable":true,"href":"https:\/\/www.im2.com.br\/vinhosmuraro\/wp-json\/wp\/v2\/media\/5035"}],"wp:attachment":[{"href":"https:\/\/www.im2.com.br\/vinhosmuraro\/wp-json\/wp\/v2\/media?parent=5006"}],"wp:term":[{"taxonomy":"product_cat","embeddable":true,"href":"https:\/\/www.im2.com.br\/vinhosmuraro\/wp-json\/wp\/v2\/product_cat?post=5006"},{"taxonomy":"product_tag","embeddable":true,"href":"https:\/\/www.im2.com.br\/vinhosmuraro\/wp-json\/wp\/v2\/product_tag?post=5006"}],"curies":[{"name":"wp","href":"https:\/\/api.w.org\/{rel}","templated":true}]}}