{"id":5008,"date":"2020-01-11T10:51:14","date_gmt":"2020-01-11T13:51:14","guid":{"rendered":"https:\/\/www.im2.com.br\/vinhosmuraro\/produto\/import-placeholder-for-527\/"},"modified":"2020-01-14T11:38:25","modified_gmt":"2020-01-14T14:38:25","slug":"espumante-moscatel","status":"publish","type":"product","link":"https:\/\/www.im2.com.br\/vinhosmuraro\/produto\/espumantes\/espumante-moscatel\/","title":{"rendered":"Espumante Moscatel"},"content":{"rendered":"<p>O Espumante Casa Muraro Moscatel \u00e9 equilibrado, com muita delicadeza em boca. \u00c9 bastante refrescante, com aromas de frutas c\u00edtricas.<\/p>\n<h3>Harmoniza\u00e7\u00e3o<\/h3>\n<p>O Espumante Casa Muraro Moscatel \u00e9 \u00f3timo para acompanhar pratos doces como Waffle, saladas de frutas, entre outras sobremesas.<\/p>\n<h3>Temperatura ideal<\/h3>\n<p>A temperatura ideal para ser servido \u00e9 de 4 graus.<\/p>\n","protected":false},"excerpt":{"rendered":"<p>Espumante adocicado fabricado com uva Moscato (Moscatel), ideal para acompanhar pratos doces e sobremesas.<\/p>\n","protected":false},"featured_media":5190,"comment_status":"open","ping_status":"closed","template":"","meta":{"_seopress_robots_primary_cat":"none","_seopress_titles_title":"","_seopress_titles_desc":"","_seopress_robots_index":""},"product_cat":[100],"product_tag":[156,104,105,157,158,107],"_links":{"self":[{"href":"https:\/\/www.im2.com.br\/vinhosmuraro\/wp-json\/wp\/v2\/product\/5008"}],"collection":[{"href":"https:\/\/www.im2.com.br\/vinhosmuraro\/wp-json\/wp\/v2\/product"}],"about":[{"href":"https:\/\/www.im2.com.br\/vinhosmuraro\/wp-json\/wp\/v2\/types\/product"}],"replies":[{"embeddable":true,"href":"https:\/\/www.im2.com.br\/vinhosmuraro\/wp-json\/wp\/v2\/comments?post=5008"}],"wp:featuredmedia":[{"embeddable":true,"href":"https:\/\/www.im2.com.br\/vinhosmuraro\/wp-json\/wp\/v2\/media\/5190"}],"wp:attachment":[{"href":"https:\/\/www.im2.com.br\/vinhosmuraro\/wp-json\/wp\/v2\/media?parent=5008"}],"wp:term":[{"taxonomy":"product_cat","embeddable":true,"href":"https:\/\/www.im2.com.br\/vinhosmuraro\/wp-json\/wp\/v2\/product_cat?post=5008"},{"taxonomy":"product_tag","embeddable":true,"href":"https:\/\/www.im2.com.br\/vinhosmuraro\/wp-json\/wp\/v2\/product_tag?post=5008"}],"curies":[{"name":"wp","href":"https:\/\/api.w.org\/{rel}","templated":true}]}}